{"id":2014,"date":"2026-02-17T16:00:47","date_gmt":"2026-02-17T15:00:47","guid":{"rendered":"https:\/\/meent.group\/?page_id=2014"},"modified":"2026-02-17T16:01:29","modified_gmt":"2026-02-17T15:01:29","slug":"meent-devoile-sa-nouvelle-identite-innovation-et-expertise-au-service-des-life-sciences","status":"publish","type":"page","link":"https:\/\/meent.group\/en\/meent-devoile-sa-nouvelle-identite-innovation-et-expertise-au-service-des-life-sciences\/","title":{"rendered":"MEENT d\u00e9voile sa nouvelle identit\u00e9 : innovation et expertise au service des life-sciences"},"content":{"rendered":"<div data-elementor-type=\"wp-page\" data-elementor-id=\"2014\" class=\"elementor elementor-2014\" data-elementor-post-type=\"page\">\n\t\t\t\t<div class=\"elementor-element elementor-element-ca1d22f e-flex e-con-boxed e-con e-parent\" data-id=\"ca1d22f\" data-element_type=\"container\" data-settings=\"{&quot;background_background&quot;:&quot;classic&quot;}\">\n\t\t\t\t\t<div class=\"e-con-inner\">\n\t\t\t\t<div class=\"elementor-element elementor-element-b32588d elementor-widget elementor-widget-spacer\" data-id=\"b32588d\" data-element_type=\"widget\" data-widget_type=\"spacer.default\">\n\t\t\t\t<div class=\"elementor-widget-container\">\n\t\t\t\t\t\t\t<div class=\"elementor-spacer\">\n\t\t\t<div class=\"elementor-spacer-inner\"><\/div>\n\t\t<\/div>\n\t\t\t\t\t\t<\/div>\n\t\t\t\t<\/div>\n\t\t\t\t<div class=\"elementor-element elementor-element-d42cadf elementor-widget elementor-widget-heading\" data-id=\"d42cadf\" data-element_type=\"widget\" data-widget_type=\"heading.default\">\n\t\t\t\t<div class=\"elementor-widget-container\">\n\t\t\t\t\t<h1 class=\"elementor-heading-title elementor-size-default\">MEENT d\u00e9voile sa nouvelle identit\u00e9 : innovation et expertise au service des life-sciences\n<\/h1>\t\t\t\t<\/div>\n\t\t\t\t<\/div>\n\t\t\t\t<div class=\"elementor-element elementor-element-81ac85b elementor-widget elementor-widget-video\" data-id=\"81ac85b\" data-element_type=\"widget\" data-settings=\"{&quot;video_type&quot;:&quot;hosted&quot;,&quot;autoplay&quot;:&quot;yes&quot;,&quot;play_on_mobile&quot;:&quot;yes&quot;,&quot;loop&quot;:&quot;yes&quot;,&quot;controls&quot;:&quot;yes&quot;}\" data-widget_type=\"video.default\">\n\t\t\t\t<div class=\"elementor-widget-container\">\n\t\t\t\t\t\t\t<div class=\"e-hosted-video elementor-wrapper elementor-open-inline\">\n\t\t\t\t\t<video class=\"elementor-video\" src=\"https:\/\/meent.group\/wp-content\/uploads\/2025\/03\/Video-meent-test-1.mov\" autoplay=\"\" loop=\"\" controls=\"\" playsinline=\"\" controlslist=\"nodownload\"><\/video>\n\t\t\t\t<\/div>\n\t\t\t\t\t\t<\/div>\n\t\t\t\t<\/div>\n\t\t\t\t\t<\/div>\n\t\t\t\t<\/div>\n\t\t<div class=\"elementor-element elementor-element-ee19386 e-flex e-con-boxed e-con e-parent\" data-id=\"ee19386\" data-element_type=\"container\" data-settings=\"{&quot;background_background&quot;:&quot;classic&quot;}\">\n\t\t\t\t\t<div class=\"e-con-inner\">\n\t\t\t\t<div class=\"elementor-element elementor-element-425bfed elementor-widget elementor-widget-spacer\" data-id=\"425bfed\" data-element_type=\"widget\" data-widget_type=\"spacer.default\">\n\t\t\t\t<div class=\"elementor-widget-container\">\n\t\t\t\t\t\t\t<div class=\"elementor-spacer\">\n\t\t\t<div class=\"elementor-spacer-inner\"><\/div>\n\t\t<\/div>\n\t\t\t\t\t\t<\/div>\n\t\t\t\t<\/div>\n\t\t\t\t<div class=\"elementor-element elementor-element-e2ada4d elementor-widget elementor-widget-heading\" data-id=\"e2ada4d\" data-element_type=\"widget\" data-widget_type=\"heading.default\">\n\t\t\t\t<div class=\"elementor-widget-container\">\n\t\t\t\t\t<h2 class=\"elementor-heading-title elementor-size-default\">Vision, identit\u00e9 : Meent \u00e9volue !\n<\/h2>\t\t\t\t<\/div>\n\t\t\t\t<\/div>\n\t\t\t\t<div class=\"elementor-element elementor-element-726a09e elementor-widget elementor-widget-text-editor\" data-id=\"726a09e\" data-element_type=\"widget\" data-widget_type=\"text-editor.default\">\n\t\t\t\t<div class=\"elementor-widget-container\">\n\t\t\t\t\t\t\t\t\t<p><span style=\"font-weight: 400;\">Depuis sa cr\u00e9ation en 2023, MEENT accompagne les acteurs du secteur des life-sciences avec une ambition claire : associer ing\u00e9nierie, innovation et expertise scientifique pour transformer les industries pharmaceutique, biotechnologique, cosm\u00e9tique et chimique.<\/span><\/p><p><span style=\"font-weight: 400;\">Aujourd\u2019hui, nous d\u00e9voilons notre nouvelle identit\u00e9, fid\u00e8le \u00e0 notre mission et \u00e0 nos valeurs. Plus qu\u2019un simple rebranding, c\u2019est une affirmation de l\u2019ADN MEENT : la fra\u00eecheur, les connexions humaines et un impact r\u00e9el.<\/span><\/p>\t\t\t\t\t\t\t\t<\/div>\n\t\t\t\t<\/div>\n\t\t\t\t<div class=\"elementor-element elementor-element-8216ec6 elementor-widget elementor-widget-heading\" data-id=\"8216ec6\" data-element_type=\"widget\" data-widget_type=\"heading.default\">\n\t\t\t\t<div class=\"elementor-widget-container\">\n\t\t\t\t\t<h3 class=\"elementor-heading-title elementor-size-default\">MEENT, c\u2019est quoi exactement ?\n<\/h3>\t\t\t\t<\/div>\n\t\t\t\t<\/div>\n\t\t\t\t<div class=\"elementor-element elementor-element-4818778 elementor-widget elementor-widget-text-editor\" data-id=\"4818778\" data-element_type=\"widget\" data-widget_type=\"text-editor.default\">\n\t\t\t\t<div class=\"elementor-widget-container\">\n\t\t\t\t\t\t\t\t\t<p><span style=\"font-weight: 400;\">MEENT, c\u2019est une \u00e9quipe de 50 experts, r\u00e9partis sur trois implantations en France (Paris, Mulhouse, Bordeaux), avec un chiffre d\u2019affaires de 5M\u20ac. Nous offrons des services de conseil en ing\u00e9nierie, adapt\u00e9s aux d\u00e9fis des industries de pointe.<\/span><\/p><p><span style=\"font-weight: 400;\">Nos solutions couvrent un large spectre de disciplines scientifiques et techniques, allant de la gestion de projet \u00e0 la transposition industrielle, en passant par la qualit\u00e9, la R&amp;D et la veille r\u00e9glementaire.<\/span><\/p>\t\t\t\t\t\t\t\t<\/div>\n\t\t\t\t<\/div>\n\t\t\t\t\t<\/div>\n\t\t\t\t<\/div>\n\t\t<div class=\"elementor-element elementor-element-9fb6634 e-con-full e-flex e-con e-parent\" data-id=\"9fb6634\" data-element_type=\"container\" data-settings=\"{&quot;background_background&quot;:&quot;classic&quot;}\">\n\t\t\t\t<div class=\"elementor-element elementor-element-72adcac elementor-widget elementor-widget-spacer\" data-id=\"72adcac\" data-element_type=\"widget\" data-widget_type=\"spacer.default\">\n\t\t\t\t<div class=\"elementor-widget-container\">\n\t\t\t\t\t\t\t<div class=\"elementor-spacer\">\n\t\t\t<div class=\"elementor-spacer-inner\"><\/div>\n\t\t<\/div>\n\t\t\t\t\t\t<\/div>\n\t\t\t\t<\/div>\n\t\t\t\t<\/div>\n\t\t<div class=\"elementor-element elementor-element-c78e3b9 e-flex e-con-boxed e-con e-parent\" data-id=\"c78e3b9\" data-element_type=\"container\" data-settings=\"{&quot;background_background&quot;:&quot;classic&quot;}\">\n\t\t\t\t\t<div class=\"e-con-inner\">\n\t\t\t\t<div class=\"elementor-element elementor-element-a5f4924 elementor-widget elementor-widget-spacer\" data-id=\"a5f4924\" data-element_type=\"widget\" data-widget_type=\"spacer.default\">\n\t\t\t\t<div class=\"elementor-widget-container\">\n\t\t\t\t\t\t\t<div class=\"elementor-spacer\">\n\t\t\t<div class=\"elementor-spacer-inner\"><\/div>\n\t\t<\/div>\n\t\t\t\t\t\t<\/div>\n\t\t\t\t<\/div>\n\t\t\t\t<div class=\"elementor-element elementor-element-bb5751b elementor-widget elementor-widget-heading\" data-id=\"bb5751b\" data-element_type=\"widget\" data-widget_type=\"heading.default\">\n\t\t\t\t<div class=\"elementor-widget-container\">\n\t\t\t\t\t<h2 class=\"elementor-heading-title elementor-size-default\">Rebranding de Meent : un vent de fra\u00eecheur, incarnation de notre ADN\n<\/h2>\t\t\t\t<\/div>\n\t\t\t\t<\/div>\n\t\t\t\t<div class=\"elementor-element elementor-element-f7e9303 elementor-widget elementor-widget-text-editor\" data-id=\"f7e9303\" data-element_type=\"widget\" data-widget_type=\"text-editor.default\">\n\t\t\t\t<div class=\"elementor-widget-container\">\n\t\t\t\t\t\t\t\t\t<p><span style=\"font-weight: 400;\">Fra\u00eecheur, connexion humaine, impact r\u00e9el : ces trois principes fa\u00e7onnent l\u2019identit\u00e9 de MEENT et orientent notre mani\u00e8re de travailler. Inspir\u00e9s par la menthe, nous insufflons un regard neuf et innovant dans chacun de nos projets. Nous pla\u00e7ons la collaboration au c\u0153ur de notre approche, convaincus que les meilleures solutions naissent de la rencontre entre les experts. Enfin, notre engagement ne se limite pas aux id\u00e9es : nous cr\u00e9ons un impact concret en apportant des r\u00e9ponses adapt\u00e9es aux enjeux des industries scientifiques et techniques.<\/span><\/p>\t\t\t\t\t\t\t\t<\/div>\n\t\t\t\t<\/div>\n\t\t\t\t<div class=\"elementor-element elementor-element-1f67825 elementor-widget elementor-widget-heading\" data-id=\"1f67825\" data-element_type=\"widget\" data-widget_type=\"heading.default\">\n\t\t\t\t<div class=\"elementor-widget-container\">\n\t\t\t\t\t<h2 class=\"elementor-heading-title elementor-size-default\">Un logo \u00e0 l\u2019image de notre engagement\n<\/h2>\t\t\t\t<\/div>\n\t\t\t\t<\/div>\n\t\t\t\t<div class=\"elementor-element elementor-element-46b6b44 elementor-widget elementor-widget-text-editor\" data-id=\"46b6b44\" data-element_type=\"widget\" data-widget_type=\"text-editor.default\">\n\t\t\t\t<div class=\"elementor-widget-container\">\n\t\t\t\t\t\t\t\t\t<p><span style=\"font-weight: 400;\">Notre nouveau logo int\u00e8gre des \u00e9l\u00e9ments cl\u00e9s qui nous d\u00e9finissent :<\/span><\/p><p><span style=\"font-weight: 400;\">Une forme stable et moderne qui incarne notre capacit\u00e9 \u00e0 \u00e9voluer et \u00e0 innover dans un monde en perp\u00e9tuel mouvement.<\/span><span style=\"font-weight: 400;\"><br \/><\/span><span style=\"font-weight: 400;\">Des symboles inspir\u00e9s des mol\u00e9cules : Un clin d&rsquo;\u0153il \u00e0 notre expertise scientifique, mais aussi \u00e0 l\u2019id\u00e9e de connexion et de rencontre qui est au c\u0153ur de notre approche.<\/span><\/p>\t\t\t\t\t\t\t\t<\/div>\n\t\t\t\t<\/div>\n\t\t\t\t\t<\/div>\n\t\t\t\t<\/div>\n\t\t<div class=\"elementor-element elementor-element-e1d137a e-flex e-con-boxed e-con e-parent\" data-id=\"e1d137a\" data-element_type=\"container\" data-settings=\"{&quot;background_background&quot;:&quot;classic&quot;}\">\n\t\t\t\t\t<div class=\"e-con-inner\">\n\t\t\t\t<div class=\"elementor-element elementor-element-cb8c36a elementor-widget elementor-widget-spacer\" data-id=\"cb8c36a\" data-element_type=\"widget\" data-widget_type=\"spacer.default\">\n\t\t\t\t<div class=\"elementor-widget-container\">\n\t\t\t\t\t\t\t<div class=\"elementor-spacer\">\n\t\t\t<div class=\"elementor-spacer-inner\"><\/div>\n\t\t<\/div>\n\t\t\t\t\t\t<\/div>\n\t\t\t\t<\/div>\n\t\t\t\t\t<\/div>\n\t\t\t\t<\/div>\n\t\t<div class=\"elementor-element elementor-element-4611216 e-flex e-con-boxed e-con e-parent\" data-id=\"4611216\" data-element_type=\"container\" data-settings=\"{&quot;background_background&quot;:&quot;classic&quot;}\">\n\t\t\t\t\t<div class=\"e-con-inner\">\n\t\t\t\t<div class=\"elementor-element elementor-element-29110e7 elementor-widget elementor-widget-spacer\" data-id=\"29110e7\" data-element_type=\"widget\" data-widget_type=\"spacer.default\">\n\t\t\t\t<div class=\"elementor-widget-container\">\n\t\t\t\t\t\t\t<div class=\"elementor-spacer\">\n\t\t\t<div class=\"elementor-spacer-inner\"><\/div>\n\t\t<\/div>\n\t\t\t\t\t\t<\/div>\n\t\t\t\t<\/div>\n\t\t\t\t<div class=\"elementor-element elementor-element-19a2205 elementor-widget elementor-widget-heading\" data-id=\"19a2205\" data-element_type=\"widget\" data-widget_type=\"heading.default\">\n\t\t\t\t<div class=\"elementor-widget-container\">\n\t\t\t\t\t<h2 class=\"elementor-heading-title elementor-size-default\">Une palette de couleurs fra\u00eeche et moderne\n<\/h2>\t\t\t\t<\/div>\n\t\t\t\t<\/div>\n\t\t\t\t<div class=\"elementor-element elementor-element-0d573c2 elementor-widget elementor-widget-text-editor\" data-id=\"0d573c2\" data-element_type=\"widget\" data-widget_type=\"text-editor.default\">\n\t\t\t\t<div class=\"elementor-widget-container\">\n\t\t\t\t\t\t\t\t\t<p><span style=\"font-weight: 400;\">Nos couleurs jouent un r\u00f4le essentiel dans cette \u00e9volution :<\/span><\/p><p><span style=\"font-weight: 400;\">Vert menthe et bleu glacier : Modernit\u00e9, innovation et pr\u00e9cision.<\/span><span style=\"font-weight: 400;\"><br \/><\/span><span style=\"font-weight: 400;\">Gris doux et bleu profond : Stabilit\u00e9, fiabilit\u00e9 et ancrage scientifique.<\/span><\/p>\t\t\t\t\t\t\t\t<\/div>\n\t\t\t\t<\/div>\n\t\t\t\t<div class=\"elementor-element elementor-element-d78773c elementor-widget elementor-widget-heading\" data-id=\"d78773c\" data-element_type=\"widget\" data-widget_type=\"heading.default\">\n\t\t\t\t<div class=\"elementor-widget-container\">\n\t\t\t\t\t<h3 class=\"elementor-heading-title elementor-size-default\">Un accompagnement sur-mesure, con\u00e7u pour s\u2019adapter \u00e0 chaque projet\n<\/h3>\t\t\t\t<\/div>\n\t\t\t\t<\/div>\n\t\t\t\t<div class=\"elementor-element elementor-element-9011547 elementor-widget elementor-widget-text-editor\" data-id=\"9011547\" data-element_type=\"widget\" data-widget_type=\"text-editor.default\">\n\t\t\t\t<div class=\"elementor-widget-container\">\n\t\t\t\t\t\t\t\t\t<p><span style=\"font-weight: 400;\">Chez MEENT, nous savons que chaque projet est unique. C\u2019est pourquoi nous avons d\u00e9velopp\u00e9 trois mod\u00e8les d\u2019accompagnement, garantissant flexibilit\u00e9 et expertise :<\/span><\/p><p><span style=\"font-weight: 400;\">\u00a0<\/span><b>Assistance technique<\/b><span style=\"font-weight: 400;\"> : Des consultants s\u00e9lectionn\u00e9s avec pr\u00e9cision, d\u00e9tach\u00e9s chez nos clients.<\/span><\/p><p><span style=\"font-weight: 400;\">\u00a0<\/span><b>Livrables &amp; Forfaits :<\/b><span style=\"font-weight: 400;\"> Un engagement sur des prestations multi-techniques avec une \u00e9quipe projet d\u00e9di\u00e9e.<\/span><\/p><p><span style=\"font-weight: 400;\">\u00a0<\/span><b>Plateau projet <\/b><span style=\"font-weight: 400;\">: Une gestion internalis\u00e9e, de la s\u00e9lection des profils jusqu\u2019au suivi op\u00e9rationnel.<\/span><\/p>\t\t\t\t\t\t\t\t<\/div>\n\t\t\t\t<\/div>\n\t\t\t\t\t<\/div>\n\t\t\t\t<\/div>\n\t\t<div class=\"elementor-element elementor-element-ff74f18 e-flex e-con-boxed e-con e-parent\" data-id=\"ff74f18\" data-element_type=\"container\" data-settings=\"{&quot;background_background&quot;:&quot;classic&quot;}\">\n\t\t\t\t\t<div class=\"e-con-inner\">\n\t\t\t\t<div class=\"elementor-element elementor-element-856c739 elementor-widget elementor-widget-spacer\" data-id=\"856c739\" data-element_type=\"widget\" data-widget_type=\"spacer.default\">\n\t\t\t\t<div class=\"elementor-widget-container\">\n\t\t\t\t\t\t\t<div class=\"elementor-spacer\">\n\t\t\t<div class=\"elementor-spacer-inner\"><\/div>\n\t\t<\/div>\n\t\t\t\t\t\t<\/div>\n\t\t\t\t<\/div>\n\t\t\t\t\t<\/div>\n\t\t\t\t<\/div>\n\t\t<div class=\"elementor-element elementor-element-2e2c608 e-flex e-con-boxed e-con e-parent\" data-id=\"2e2c608\" data-element_type=\"container\" data-settings=\"{&quot;background_background&quot;:&quot;classic&quot;}\">\n\t\t\t\t\t<div class=\"e-con-inner\">\n\t\t\t\t<div class=\"elementor-element elementor-element-8519124 elementor-widget elementor-widget-spacer\" data-id=\"8519124\" data-element_type=\"widget\" data-widget_type=\"spacer.default\">\n\t\t\t\t<div class=\"elementor-widget-container\">\n\t\t\t\t\t\t\t<div class=\"elementor-spacer\">\n\t\t\t<div class=\"elementor-spacer-inner\"><\/div>\n\t\t<\/div>\n\t\t\t\t\t\t<\/div>\n\t\t\t\t<\/div>\n\t\t\t\t<div class=\"elementor-element elementor-element-3234d5b elementor-widget elementor-widget-heading\" data-id=\"3234d5b\" data-element_type=\"widget\" data-widget_type=\"heading.default\">\n\t\t\t\t<div class=\"elementor-widget-container\">\n\t\t\t\t\t<h3 class=\"elementor-heading-title elementor-size-default\">Un avenir construit sur l\u2019expertise et l\u2019innovation\n<\/h3>\t\t\t\t<\/div>\n\t\t\t\t<\/div>\n\t\t\t\t<div class=\"elementor-element elementor-element-ad7721f elementor-widget elementor-widget-text-editor\" data-id=\"ad7721f\" data-element_type=\"widget\" data-widget_type=\"text-editor.default\">\n\t\t\t\t<div class=\"elementor-widget-container\">\n\t\t\t\t\t\t\t\t\t<p><span style=\"font-weight: 400;\">MEENT continue de grandir avec une ambition claire : offrir des solutions toujours plus performantes et adapt\u00e9es aux enjeux des industries de la sant\u00e9 et des sciences de la vie.<\/span><\/p><p><span style=\"font-weight: 400;\">Nous croyons en une ing\u00e9nierie agile, en une approche collaborative et en un engagement fort pour des r\u00e9sultats concrets.<\/span><\/p><p><span style=\"font-weight: 400;\">Bienvenue dans cette nouvelle \u00e8re de MEENT.<\/span><\/p><p><span style=\"font-weight: 400;\">Vous souhaitez en savoir plus sur notre expertise ?\u00a0<\/span><a href=\"https:\/\/meent.group\/en\/contact\/\" target=\"_blank\" rel=\"noopener\">Contactez-nous<\/a><span style=\"font-weight: 400;\">\u00a0pour d\u00e9couvrir l\u2019avenir de l\u2019ing\u00e9nierie scientifique !<\/span><\/p>\t\t\t\t\t\t\t\t<\/div>\n\t\t\t\t<\/div>\n\t\t\t\t<div class=\"elementor-element elementor-element-a4af1a6 elementor-widget elementor-widget-spacer\" data-id=\"a4af1a6\" data-element_type=\"widget\" data-widget_type=\"spacer.default\">\n\t\t\t\t<div class=\"elementor-widget-container\">\n\t\t\t\t\t\t\t<div class=\"elementor-spacer\">\n\t\t\t<div class=\"elementor-spacer-inner\"><\/div>\n\t\t<\/div>\n\t\t\t\t\t\t<\/div>\n\t\t\t\t<\/div>\n\t\t\t\t\t<\/div>\n\t\t\t\t<\/div>\n\t\t\t\t<\/div>","protected":false},"excerpt":{"rendered":"<p>MEENT d\u00e9voile sa nouvelle identit\u00e9 : innovation et expertise au service des life-sciences https:\/\/meent.group\/wp-content\/uploads\/2025\/03\/Video-meent-test-1.mov Vision, identit\u00e9 : Meent \u00e9volue ! Depuis sa cr\u00e9ation en 2023, MEENT accompagne les acteurs du secteur des life-sciences avec une ambition claire : associer ing\u00e9nierie, innovation et expertise scientifique pour transformer les industries pharmaceutique, biotechnologique, cosm\u00e9tique et chimique. Aujourd\u2019hui, nous [&hellip;]<\/p>","protected":false},"author":1,"featured_media":0,"parent":0,"menu_order":0,"comment_status":"closed","ping_status":"closed","template":"elementor_header_footer","meta":{"footnotes":""},"class_list":["post-2014","page","type-page","status-publish","hentry","entry"],"yoast_head":"<!-- This site is optimized with the Yoast SEO plugin v24.7 - https:\/\/yoast.com\/wordpress\/plugins\/seo\/ -->\n<title>MEENT d\u00e9voile sa nouvelle identit\u00e9 : innovation et expertise au service des life-sciences - Meent Group<\/title>\n<meta name=\"robots\" content=\"index, follow, max-snippet:-1, max-image-preview:large, max-video-preview:-1\" \/>\n<link rel=\"canonical\" href=\"https:\/\/meent.group\/en\/meent-devoile-sa-nouvelle-identite-innovation-et-expertise-au-service-des-life-sciences\/\" \/>\n<meta property=\"og:locale\" content=\"en_GB\" \/>\n<meta property=\"og:type\" content=\"article\" \/>\n<meta property=\"og:title\" content=\"MEENT d\u00e9voile sa nouvelle identit\u00e9 : innovation et expertise au service des life-sciences - Meent Group\" \/>\n<meta property=\"og:description\" content=\"MEENT d\u00e9voile sa nouvelle identit\u00e9 : innovation et expertise au service des life-sciences https:\/\/meent.group\/wp-content\/uploads\/2025\/03\/Video-meent-test-1.mov Vision, identit\u00e9 : Meent \u00e9volue ! Depuis sa cr\u00e9ation en 2023, MEENT accompagne les acteurs du secteur des life-sciences avec une ambition claire : associer ing\u00e9nierie, innovation et expertise scientifique pour transformer les industries pharmaceutique, biotechnologique, cosm\u00e9tique et chimique. Aujourd\u2019hui, nous [&hellip;]\" \/>\n<meta property=\"og:url\" content=\"https:\/\/meent.group\/en\/meent-devoile-sa-nouvelle-identite-innovation-et-expertise-au-service-des-life-sciences\/\" \/>\n<meta property=\"og:site_name\" content=\"Meent Group\" \/>\n<meta property=\"article:modified_time\" content=\"2026-02-17T15:01:29+00:00\" \/>\n<meta name=\"twitter:card\" content=\"summary_large_image\" \/>\n<meta name=\"twitter:label1\" content=\"Estimated reading time\" \/>\n\t<meta name=\"twitter:data1\" content=\"3 minutes\" \/>\n<script type=\"application\/ld+json\" class=\"yoast-schema-graph\">{\"@context\":\"https:\/\/schema.org\",\"@graph\":[{\"@type\":\"WebPage\",\"@id\":\"https:\/\/meent.group\/meent-devoile-sa-nouvelle-identite-innovation-et-expertise-au-service-des-life-sciences\/\",\"url\":\"https:\/\/meent.group\/meent-devoile-sa-nouvelle-identite-innovation-et-expertise-au-service-des-life-sciences\/\",\"name\":\"MEENT d\u00e9voile sa nouvelle identit\u00e9 : innovation et expertise au service des life-sciences - Meent Group\",\"isPartOf\":{\"@id\":\"https:\/\/meent.group\/#website\"},\"datePublished\":\"2026-02-17T15:00:47+00:00\",\"dateModified\":\"2026-02-17T15:01:29+00:00\",\"breadcrumb\":{\"@id\":\"https:\/\/meent.group\/meent-devoile-sa-nouvelle-identite-innovation-et-expertise-au-service-des-life-sciences\/#breadcrumb\"},\"inLanguage\":\"en-GB\",\"potentialAction\":[{\"@type\":\"ReadAction\",\"target\":[\"https:\/\/meent.group\/meent-devoile-sa-nouvelle-identite-innovation-et-expertise-au-service-des-life-sciences\/\"]}]},{\"@type\":\"BreadcrumbList\",\"@id\":\"https:\/\/meent.group\/meent-devoile-sa-nouvelle-identite-innovation-et-expertise-au-service-des-life-sciences\/#breadcrumb\",\"itemListElement\":[{\"@type\":\"ListItem\",\"position\":1,\"name\":\"Accueil\",\"item\":\"https:\/\/meent.group\/\"},{\"@type\":\"ListItem\",\"position\":2,\"name\":\"MEENT d\u00e9voile sa nouvelle identit\u00e9 : innovation et expertise au service des life-sciences\"}]},{\"@type\":\"WebSite\",\"@id\":\"https:\/\/meent.group\/#website\",\"url\":\"https:\/\/meent.group\/\",\"name\":\"Meent Group\",\"description\":\"Un site utilisant WordPress\",\"publisher\":{\"@id\":\"https:\/\/meent.group\/#organization\"},\"potentialAction\":[{\"@type\":\"SearchAction\",\"target\":{\"@type\":\"EntryPoint\",\"urlTemplate\":\"https:\/\/meent.group\/?s={search_term_string}\"},\"query-input\":{\"@type\":\"PropertyValueSpecification\",\"valueRequired\":true,\"valueName\":\"search_term_string\"}}],\"inLanguage\":\"en-GB\"},{\"@type\":\"Organization\",\"@id\":\"https:\/\/meent.group\/#organization\",\"name\":\"Meent Group\",\"url\":\"https:\/\/meent.group\/\",\"logo\":{\"@type\":\"ImageObject\",\"inLanguage\":\"en-GB\",\"@id\":\"https:\/\/meent.group\/#\/schema\/logo\/image\/\",\"url\":\"https:\/\/meent.group\/wp-content\/uploads\/2025\/02\/cropped-MEENT_Logo-vert-degrade-2-copie.png\",\"contentUrl\":\"https:\/\/meent.group\/wp-content\/uploads\/2025\/02\/cropped-MEENT_Logo-vert-degrade-2-copie.png\",\"width\":3459,\"height\":1199,\"caption\":\"Meent Group\"},\"image\":{\"@id\":\"https:\/\/meent.group\/#\/schema\/logo\/image\/\"}}]}<\/script>\n<!-- \/ Yoast SEO plugin. -->","yoast_head_json":{"title":"MEENT d\u00e9voile sa nouvelle identit\u00e9 : innovation et expertise au service des life-sciences - Meent Group","robots":{"index":"index","follow":"follow","max-snippet":"max-snippet:-1","max-image-preview":"max-image-preview:large","max-video-preview":"max-video-preview:-1"},"canonical":"https:\/\/meent.group\/en\/meent-devoile-sa-nouvelle-identite-innovation-et-expertise-au-service-des-life-sciences\/","og_locale":"en_GB","og_type":"article","og_title":"MEENT d\u00e9voile sa nouvelle identit\u00e9 : innovation et expertise au service des life-sciences - Meent Group","og_description":"MEENT d\u00e9voile sa nouvelle identit\u00e9 : innovation et expertise au service des life-sciences https:\/\/meent.group\/wp-content\/uploads\/2025\/03\/Video-meent-test-1.mov Vision, identit\u00e9 : Meent \u00e9volue ! Depuis sa cr\u00e9ation en 2023, MEENT accompagne les acteurs du secteur des life-sciences avec une ambition claire : associer ing\u00e9nierie, innovation et expertise scientifique pour transformer les industries pharmaceutique, biotechnologique, cosm\u00e9tique et chimique. Aujourd\u2019hui, nous [&hellip;]","og_url":"https:\/\/meent.group\/en\/meent-devoile-sa-nouvelle-identite-innovation-et-expertise-au-service-des-life-sciences\/","og_site_name":"Meent Group","article_modified_time":"2026-02-17T15:01:29+00:00","twitter_card":"summary_large_image","twitter_misc":{"Estimated reading time":"3 minutes"},"schema":{"@context":"https:\/\/schema.org","@graph":[{"@type":"WebPage","@id":"https:\/\/meent.group\/meent-devoile-sa-nouvelle-identite-innovation-et-expertise-au-service-des-life-sciences\/","url":"https:\/\/meent.group\/meent-devoile-sa-nouvelle-identite-innovation-et-expertise-au-service-des-life-sciences\/","name":"MEENT d\u00e9voile sa nouvelle identit\u00e9 : innovation et expertise au service des life-sciences - Meent Group","isPartOf":{"@id":"https:\/\/meent.group\/#website"},"datePublished":"2026-02-17T15:00:47+00:00","dateModified":"2026-02-17T15:01:29+00:00","breadcrumb":{"@id":"https:\/\/meent.group\/meent-devoile-sa-nouvelle-identite-innovation-et-expertise-au-service-des-life-sciences\/#breadcrumb"},"inLanguage":"en-GB","potentialAction":[{"@type":"ReadAction","target":["https:\/\/meent.group\/meent-devoile-sa-nouvelle-identite-innovation-et-expertise-au-service-des-life-sciences\/"]}]},{"@type":"BreadcrumbList","@id":"https:\/\/meent.group\/meent-devoile-sa-nouvelle-identite-innovation-et-expertise-au-service-des-life-sciences\/#breadcrumb","itemListElement":[{"@type":"ListItem","position":1,"name":"Accueil","item":"https:\/\/meent.group\/"},{"@type":"ListItem","position":2,"name":"MEENT d\u00e9voile sa nouvelle identit\u00e9 : innovation et expertise au service des life-sciences"}]},{"@type":"WebSite","@id":"https:\/\/meent.group\/#website","url":"https:\/\/meent.group\/","name":"Meent Group","description":"Un site utilisant WordPress","publisher":{"@id":"https:\/\/meent.group\/#organization"},"potentialAction":[{"@type":"SearchAction","target":{"@type":"EntryPoint","urlTemplate":"https:\/\/meent.group\/?s={search_term_string}"},"query-input":{"@type":"PropertyValueSpecification","valueRequired":true,"valueName":"search_term_string"}}],"inLanguage":"en-GB"},{"@type":"Organization","@id":"https:\/\/meent.group\/#organization","name":"Meent Group","url":"https:\/\/meent.group\/","logo":{"@type":"ImageObject","inLanguage":"en-GB","@id":"https:\/\/meent.group\/#\/schema\/logo\/image\/","url":"https:\/\/meent.group\/wp-content\/uploads\/2025\/02\/cropped-MEENT_Logo-vert-degrade-2-copie.png","contentUrl":"https:\/\/meent.group\/wp-content\/uploads\/2025\/02\/cropped-MEENT_Logo-vert-degrade-2-copie.png","width":3459,"height":1199,"caption":"Meent Group"},"image":{"@id":"https:\/\/meent.group\/#\/schema\/logo\/image\/"}}]}},"_links":{"self":[{"href":"https:\/\/meent.group\/en\/wp-json\/wp\/v2\/pages\/2014","targetHints":{"allow":["GET"]}}],"collection":[{"href":"https:\/\/meent.group\/en\/wp-json\/wp\/v2\/pages"}],"about":[{"href":"https:\/\/meent.group\/en\/wp-json\/wp\/v2\/types\/page"}],"author":[{"embeddable":true,"href":"https:\/\/meent.group\/en\/wp-json\/wp\/v2\/users\/1"}],"replies":[{"embeddable":true,"href":"https:\/\/meent.group\/en\/wp-json\/wp\/v2\/comments?post=2014"}],"version-history":[{"count":0,"href":"https:\/\/meent.group\/en\/wp-json\/wp\/v2\/pages\/2014\/revisions"}],"wp:attachment":[{"href":"https:\/\/meent.group\/en\/wp-json\/wp\/v2\/media?parent=2014"}],"curies":[{"name":"wp","href":"https:\/\/api.w.org\/{rel}","templated":true}]}}